{"id":790148,"date":"2024-07-24T22:55:49","date_gmt":"2024-07-24T20:55:49","guid":{"rendered":"https:\/\/www.wellbeingdoskol.cz\/?page_id=790148"},"modified":"2025-06-26T13:05:15","modified_gmt":"2025-06-26T11:05:15","slug":"den-wellbeingu-20-6-2","status":"publish","type":"page","link":"https:\/\/www.wellbeingdoskol.cz\/","title":{"rendered":"Homepage"},"content":{"rendered":"<p>[et_pb_section fb_built=&#8221;1&#8243; _builder_version=&#8221;4.25.1&#8243; _module_preset=&#8221;default&#8221; global_colors_info=&#8221;{}&#8221;][et_pb_row column_structure=&#8221;1_2,1_2&#8243; _builder_version=&#8221;4.25.1&#8243; _module_preset=&#8221;default&#8221; global_colors_info=&#8221;{}&#8221;][et_pb_column type=&#8221;1_2&#8243; _builder_version=&#8221;4.25.1&#8243; _module_preset=&#8221;default&#8221; global_colors_info=&#8221;{}&#8221;][et_pb_image src=&#8221;https:\/\/www.wellbeingdoskol.cz\/wp-content\/uploads\/2024\/04\/logo-cropped.png&#8221; title_text=&#8221;logo-cropped&#8221; disabled_on=&#8221;on|on|off&#8221; _builder_version=&#8221;4.25.1&#8243; _module_preset=&#8221;default&#8221; custom_margin=&#8221;||-114px||false|false&#8221; global_colors_info=&#8221;{}&#8221;][\/et_pb_image][\/et_pb_column][et_pb_column type=&#8221;1_2&#8243; _builder_version=&#8221;4.25.1&#8243; _module_preset=&#8221;default&#8221; global_colors_info=&#8221;{}&#8221;][et_pb_heading title=&#8221;WELLBEING DO \u0160KOL&#8221; _builder_version=&#8221;4.25.1&#8243; _module_preset=&#8221;default&#8221; title_font=&#8221;|700|||||||&#8221; title_text_align=&#8221;center&#8221; title_text_color=&#8221;#333A87&#8243; title_font_size=&#8221;47px&#8221; custom_margin=&#8221;80px||||false|false&#8221; global_colors_info=&#8221;{}&#8221;][\/et_pb_heading][et_pb_text _builder_version=&#8221;4.25.1&#8243; _module_preset=&#8221;default&#8221; global_colors_info=&#8221;{}&#8221;]<\/p>\n<h2 style=\"text-align: center;\">Aby \u0161kola byla to bezpe\u010dn\u00e9 m\u00edsto, kter\u00e9 ti d\u00e1v\u00e1 prostor pro seberealizaci a r\u016fst<\/h2>\n<p>[\/et_pb_text][et_pb_text _builder_version=&#8221;4.25.1&#8243; _module_preset=&#8221;default&#8221; custom_margin=&#8221;||-100px||false|false&#8221; custom_margin_tablet=&#8221;||-100px||false|false&#8221; custom_margin_phone=&#8221;||-100px||false|false&#8221; custom_margin_last_edited=&#8221;on|phone&#8221; global_colors_info=&#8221;{}&#8221;]<\/p>\n<p style=\"text-align: center;\"><span style=\"font-size: large;\">Pocit \u0161t\u011bst\u00ed a \u017eivotn\u00ed spokojenost (wellbeing) je um\u011bn\u00ed, kter\u00e9 se m\u016f\u017eeme nau\u010dit. Poj\u010fme jej objevit a \u017e\u00edt ji\u017e ve \u0161kol\u00e1ch.<\/span><\/p>\n<p>[\/et_pb_text][\/et_pb_column][\/et_pb_row][\/et_pb_section][et_pb_section fb_built=&#8221;1&#8243; prev_background_color=&#8221;#ffffff&#8221; _builder_version=&#8221;4.25.1&#8243; _module_preset=&#8221;default&#8221; background_color=&#8221;gcid-d636c501-e6a4-4cb1-96af-d4ffa5cb79d2&#8243; top_divider_style=&#8221;wave&#8221; global_colors_info=&#8221;{%22gcid-d636c501-e6a4-4cb1-96af-d4ffa5cb79d2%22:%91%22background_color%22%93}&#8221;][et_pb_row column_structure=&#8221;1_2,1_2&#8243; _builder_version=&#8221;4.25.1&#8243; _module_preset=&#8221;default&#8221; custom_margin=&#8221;4vw||||false|false&#8221; custom_margin_tablet=&#8221;4vw||||false|false&#8221; custom_margin_phone=&#8221;4vw||||false|false&#8221; custom_margin_last_edited=&#8221;on|desktop&#8221; global_colors_info=&#8221;{}&#8221;][et_pb_column type=&#8221;1_2&#8243; _builder_version=&#8221;4.25.1&#8243; _module_preset=&#8221;default&#8221; global_colors_info=&#8221;{}&#8221;][et_pb_button button_text=&#8221;POSL\u00c1N\u00cd&#8221; button_alignment=&#8221;left&#8221; _builder_version=&#8221;4.25.1&#8243; _module_preset=&#8221;default&#8221; custom_button=&#8221;on&#8221; button_text_color=&#8221;#FFFFFF&#8221; button_bg_color=&#8221;gcid-d2949f04-66b7-4307-9dc8-e72d9ac8e815&#8243; button_border_width=&#8221;0px&#8221; custom_padding=&#8221;|100px||100px|false|false&#8221; box_shadow_style=&#8221;preset3&#8243; global_colors_info=&#8221;{%22gcid-d2949f04-66b7-4307-9dc8-e72d9ac8e815%22:%91%22button_bg_color%22%93}&#8221;][\/et_pb_button][et_pb_text _builder_version=&#8221;4.25.1&#8243; _module_preset=&#8221;default&#8221; text_font_size=&#8221;16px&#8221; background_layout=&#8221;dark&#8221; global_colors_info=&#8221;{}&#8221;]<\/p>\n<p style=\"text-align: left;\">Na\u0161\u00edm c\u00edlem je wellbeing, tedy \u017eivotn\u00ed spokojenost rozv\u00edjet ji\u017e na \u0161kol\u00e1ch, abychom rozum\u011bli na\u0161\u00ed psychice, na\u0161emu t\u011blu a mohli tak v\u011bdom\u011b ovlivnit kvalitu na\u0161eho \u017eivota ji\u017e b\u011bhem dosp\u00edv\u00e1n\u00ed.<\/p>\n<p style=\"text-align: left;\">Chceme \u0161kolu jako p\u0159\u00e1telsk\u00fd a bezpe\u010dn\u00fd prostor, kde m\u016f\u017eeme b\u00fdt aktivn\u00ed, autenti\u010dt\u00ed a kde m\u016f\u017eeme rozv\u00edjet sv\u00e9 siln\u00e9 str\u00e1nky a soci\u00e1ln\u00ed vazby.<\/p>\n<p>[\/et_pb_text][\/et_pb_column][et_pb_column type=&#8221;1_2&#8243; _builder_version=&#8221;4.25.1&#8243; _module_preset=&#8221;default&#8221; global_colors_info=&#8221;{}&#8221;][et_pb_image src=&#8221;https:\/\/www.wellbeingdoskol.cz\/wp-content\/uploads\/2024\/07\/DEN-WB-SSPS_20240620_02.png&#8221; title_text=&#8221;DEN-WB-SSPS_20240620_02&#8243; _builder_version=&#8221;4.25.1&#8243; _module_preset=&#8221;default&#8221; box_shadow_style=&#8221;preset1&#8243; global_colors_info=&#8221;{}&#8221;][\/et_pb_image][\/et_pb_column][\/et_pb_row][\/et_pb_section][et_pb_section fb_built=&#8221;1&#8243; _builder_version=&#8221;4.25.1&#8243; _module_preset=&#8221;default&#8221; background_enable_image=&#8221;off&#8221; background_size=&#8221;custom&#8221; background_image_width=&#8221;100%&#8221; background_image_height=&#8221;0%&#8221; background_position=&#8221;center_left&#8221; background_horizontal_offset=&#8221;-46%&#8221; custom_padding=&#8221;90px||||false|false&#8221; top_divider_style=&#8221;wave&#8221; top_divider_color=&#8221;#30327C&#8221; top_divider_repeat=&#8221;1.2x&#8221; bottom_divider_color=&#8221;gcid-d636c501-e6a4-4cb1-96af-d4ffa5cb79d2&#8243; bottom_divider_repeat=&#8221;1.2x&#8221; global_colors_info=&#8221;{%22gcid-d636c501-e6a4-4cb1-96af-d4ffa5cb79d2%22:%91%22top_divider_color%22%93}&#8221;][et_pb_row column_structure=&#8221;1_3,1_3,1_3&#8243; _builder_version=&#8221;4.25.1&#8243; _module_preset=&#8221;default&#8221; global_colors_info=&#8221;{}&#8221;][et_pb_column type=&#8221;1_3&#8243; _builder_version=&#8221;4.25.1&#8243; _module_preset=&#8221;default&#8221; global_colors_info=&#8221;{}&#8221;][et_pb_button button_text=&#8221;PRO \u0160KOLY&#8221; button_alignment=&#8221;left&#8221; _builder_version=&#8221;4.25.1&#8243; _module_preset=&#8221;default&#8221; custom_button=&#8221;on&#8221; button_text_color=&#8221;#FFFFFF&#8221; button_bg_color=&#8221;gcid-d2949f04-66b7-4307-9dc8-e72d9ac8e815&#8243; button_border_width=&#8221;0px&#8221; custom_padding=&#8221;|100px||100px|false|false&#8221; box_shadow_style=&#8221;preset3&#8243; global_colors_info=&#8221;{%22gcid-d2949f04-66b7-4307-9dc8-e72d9ac8e815%22:%91%22button_bg_color%22%93}&#8221;][\/et_pb_button][et_pb_text _builder_version=&#8221;4.25.1&#8243; _module_preset=&#8221;default&#8221; text_font_size=&#8221;16px&#8221; global_colors_info=&#8221;{}&#8221;]Jak\u00e9 by to bylo, kdyby \u017e\u00e1ci a studenti do \u0161koly chodili usm\u011bvav\u00ed, t\u011b\u0161ili se tam a nach\u00e1zeli zde prostor pro to, aby se stali ment\u00e1ln\u011b zdrav\u00fdmi osobnostmi, kter\u00e9 zde dok\u00e1zaly naj\u00edt a rozvinout sv\u016fj potenci\u00e1l a talent? V\u011b\u0159\u00edme, \u017ee pr\u00e1v\u011b takov\u00fd potenci\u00e1l \u0161koly maj\u00ed.<\/p>\n<p>Na\u0161\u00edm c\u00edlem je \u0161koly inspirovat pro kulturu wellbeingu, kter\u00e1 rozv\u00edj\u00ed nejen chu\u0165 student\u016f se vzd\u011bl\u00e1vat, ale i chu\u0165 pedagog\u016f studenty v\u00e9st.<br \/>\n[\/et_pb_text][\/et_pb_column][et_pb_column type=&#8221;1_3&#8243; _builder_version=&#8221;4.25.1&#8243; _module_preset=&#8221;default&#8221; global_colors_info=&#8221;{}&#8221;][et_pb_button button_text=&#8221;PRO STUDENTY&#8221; button_alignment=&#8221;left&#8221; _builder_version=&#8221;4.25.1&#8243; _module_preset=&#8221;default&#8221; custom_button=&#8221;on&#8221; button_text_color=&#8221;#FFFFFF&#8221; button_bg_color=&#8221;gcid-d2949f04-66b7-4307-9dc8-e72d9ac8e815&#8243; button_border_width=&#8221;0px&#8221; custom_padding=&#8221;|80px||80px|false|false&#8221; box_shadow_style=&#8221;preset3&#8243; global_colors_info=&#8221;{%22gcid-d2949f04-66b7-4307-9dc8-e72d9ac8e815%22:%91%22button_bg_color%22%93}&#8221;][\/et_pb_button][et_pb_text _builder_version=&#8221;4.25.1&#8243; _module_preset=&#8221;default&#8221; global_colors_info=&#8221;{}&#8221;]<\/p>\n<p>Chce\u0161 se nau\u010dit techniky, kter\u00e9 ti pomohou zlep\u0161it tvou spokojenost v r\u016fzn\u00fdch oblastech? Zapoj se do podzimn\u00edch kurz\u016f.<\/p>\n<p>C\u00edlem kurz\u016f je nejen, aby ses nau\u010dil\/a praktick\u00e9 techniky, jak si pomoct, kdy\u017e ti zrovna nen\u00ed dob\u0159e, ale kdy\u017e je zvl\u00e1dne\u0161, m\u016f\u017ee\u0161 je u\u010dit i ostatn\u00ed studenty.<\/p>\n<p>[\/et_pb_text][\/et_pb_column][et_pb_column type=&#8221;1_3&#8243; _builder_version=&#8221;4.25.1&#8243; _module_preset=&#8221;default&#8221; global_colors_info=&#8221;{}&#8221;][et_pb_button button_text=&#8221;PRO RODI\u010cE&#8221; button_alignment=&#8221;left&#8221; _builder_version=&#8221;4.25.1&#8243; _module_preset=&#8221;default&#8221; custom_button=&#8221;on&#8221; button_text_color=&#8221;#FFFFFF&#8221; button_bg_color=&#8221;gcid-d2949f04-66b7-4307-9dc8-e72d9ac8e815&#8243; button_border_width=&#8221;0px&#8221; custom_padding=&#8221;|100px||100px|false|false&#8221; box_shadow_style=&#8221;preset3&#8243; global_colors_info=&#8221;{%22gcid-d2949f04-66b7-4307-9dc8-e72d9ac8e815%22:%91%22button_bg_color%22%93}&#8221;][\/et_pb_button][et_pb_text _builder_version=&#8221;4.25.1&#8243; _module_preset=&#8221;default&#8221; hover_enabled=&#8221;0&#8243; global_colors_info=&#8221;{}&#8221; sticky_enabled=&#8221;0&#8243;]<\/p>\n<p>M\u00e1te zaj\u00edmav\u00fd p\u0159\u00edb\u011bh o p\u0159ekon\u00e1n\u00ed sebe sama, o kter\u00fd byste se cht\u011bli pod\u011blit se studenty? M\u00e1te zaj\u00edmav\u00e9 a inspirativn\u00ed zam\u011bstn\u00e1n\u00ed?<\/p>\n<p>Pod\u011blte se s n\u00e1mi o sv\u00e9 zku\u0161enosti b\u011bhem Dne inspirace a wellbeingu, p\u0159\u00edpadn\u011b b\u011bhem jin\u00e9 akce. Sta\u010d\u00ed n\u00e1s kontaktovat<\/p>\n<p>[\/et_pb_text][\/et_pb_column][\/et_pb_row][\/et_pb_section][et_pb_section fb_built=&#8221;1&#8243; _builder_version=&#8221;4.25.1&#8243; _module_preset=&#8221;default&#8221; background_color=&#8221;gcid-d636c501-e6a4-4cb1-96af-d4ffa5cb79d2&#8243; custom_padding=&#8221;||100px||false|false&#8221; top_divider_style=&#8221;wave&#8221; top_divider_color=&#8221;#FFFFFF&#8221; bottom_divider_style=&#8221;wave&#8221; bottom_divider_color=&#8221;#FFFFFF&#8221; global_colors_info=&#8221;{%22gcid-d636c501-e6a4-4cb1-96af-d4ffa5cb79d2%22:%91%22background_color%22%93}&#8221;][et_pb_row _builder_version=&#8221;4.25.1&#8243; _module_preset=&#8221;default&#8221; global_colors_info=&#8221;{}&#8221;][et_pb_column type=&#8221;4_4&#8243; _builder_version=&#8221;4.25.1&#8243; _module_preset=&#8221;default&#8221; global_colors_info=&#8221;{}&#8221;][et_pb_button button_text=&#8221;NOVINKY&#8221; button_alignment=&#8221;left&#8221; _builder_version=&#8221;4.25.1&#8243; _module_preset=&#8221;default&#8221; custom_button=&#8221;on&#8221; button_text_color=&#8221;#FFFFFF&#8221; button_bg_color=&#8221;gcid-d2949f04-66b7-4307-9dc8-e72d9ac8e815&#8243; button_border_width=&#8221;0px&#8221; custom_padding=&#8221;|100px||100px|false|false&#8221; box_shadow_style=&#8221;preset3&#8243; global_colors_info=&#8221;{%22gcid-d2949f04-66b7-4307-9dc8-e72d9ac8e815%22:%91%22button_bg_color%22%93}&#8221;][\/et_pb_button][\/et_pb_column][\/et_pb_row][et_pb_row column_structure=&#8221;1_3,1_3,1_3&#8243; _builder_version=&#8221;4.25.1&#8243; _module_preset=&#8221;default&#8221; global_colors_info=&#8221;{}&#8221;][et_pb_column type=&#8221;1_3&#8243; _builder_version=&#8221;4.25.1&#8243; _module_preset=&#8221;default&#8221; global_colors_info=&#8221;{}&#8221;][et_pb_gallery gallery_ids=&#8221;790158,790157,790156&#8243; posts_number=&#8221;2&#8243; _builder_version=&#8221;4.25.1&#8243; _module_preset=&#8221;default&#8221; global_colors_info=&#8221;{}&#8221;][\/et_pb_gallery][\/et_pb_column][et_pb_column type=&#8221;1_3&#8243; _builder_version=&#8221;4.25.1&#8243; _module_preset=&#8221;default&#8221; global_colors_info=&#8221;{}&#8221;][et_pb_post_slider _builder_version=&#8221;4.25.1&#8243; _module_preset=&#8221;default&#8221; global_colors_info=&#8221;{}&#8221;][\/et_pb_post_slider][\/et_pb_column][et_pb_column type=&#8221;1_3&#8243; _builder_version=&#8221;4.25.1&#8243; _module_preset=&#8221;default&#8221; global_colors_info=&#8221;{}&#8221;][et_pb_video_slider _builder_version=&#8221;4.25.1&#8243; _module_preset=&#8221;default&#8221; global_colors_info=&#8221;{}&#8221;][et_pb_video_slider_item admin_title=&#8221;Den inspirace 20250319&#8243; src=&#8221;https:\/\/www.wellbeingdoskol.cz\/wp-content\/uploads\/2025\/03\/Den-Inspirace-2.mp4&#8243; image_src=&#8221;<iframe title=%22Divi. The Ultimate WordPress Theme And Visual Page Builder%22 width=%221080%22 height=%22608%22 src=%22https:\/\/www.youtube.com\/embed\/FkQuawiGWUw?feature=oembed%22  allow=%22accelerometer; autoplay; clipboard-write; encrypted-media; gyroscope; picture-in-picture; web-share%22 referrerpolicy=%22strict-origin-when-cross-origin%22 allowfullscreen><\/iframe>&#8221; _builder_version=&#8221;4.25.1&#8243; _module_preset=&#8221;default&#8221; global_colors_info=&#8221;{}&#8221; show_image_overlay=&#8221;off&#8221;][\/et_pb_video_slider_item][et_pb_video_slider_item admin_title=&#8221;Elin.ai&#8221; src=&#8221;https:\/\/www.wellbeingdoskol.cz\/wp-content\/uploads\/2024\/07\/ElinAI_reelV5_Bit6000.mov&#8221; _builder_version=&#8221;4.25.1&#8243; _module_preset=&#8221;default&#8221; global_colors_info=&#8221;{}&#8221; show_image_overlay=&#8221;off&#8221;][\/et_pb_video_slider_item][et_pb_video_slider_item admin_title=&#8221;QR code&#8221; src=&#8221;https:\/\/www.wellbeingdoskol.cz\/wp-content\/uploads\/2024\/07\/Snapinsta.app_video_An8L3wtsogfxtb_gv8i5sSSfNFY2ezMiujZFlK2VLFqTsNhIbcUgXIVysPBO24mfj0-BFkKFy-pMQ2Fkm7EHVUM.mp4&#8243; _builder_version=&#8221;4.25.1&#8243; _module_preset=&#8221;default&#8221; global_colors_info=&#8221;{}&#8221; show_image_overlay=&#8221;off&#8221;][\/et_pb_video_slider_item][\/et_pb_video_slider][\/et_pb_column][\/et_pb_row][\/et_pb_section][et_pb_section fb_built=&#8221;1&#8243; _builder_version=&#8221;4.25.1&#8243; _module_preset=&#8221;default&#8221; global_colors_info=&#8221;{}&#8221;][et_pb_row _builder_version=&#8221;4.25.1&#8243; _module_preset=&#8221;default&#8221; custom_margin=&#8221;-70px||0px||false|false&#8221; global_colors_info=&#8221;{}&#8221;][et_pb_column type=&#8221;4_4&#8243; _builder_version=&#8221;4.25.1&#8243; _module_preset=&#8221;default&#8221; global_colors_info=&#8221;{}&#8221;][et_pb_button button_text=&#8221;O N\u00c1S&#8221; button_alignment=&#8221;left&#8221; _builder_version=&#8221;4.25.1&#8243; _module_preset=&#8221;default&#8221; custom_button=&#8221;on&#8221; button_text_color=&#8221;#FFFFFF&#8221; button_bg_color=&#8221;gcid-d2949f04-66b7-4307-9dc8-e72d9ac8e815&#8243; button_border_width=&#8221;0px&#8221; custom_padding=&#8221;|105px||105px|false|false&#8221; box_shadow_style=&#8221;preset3&#8243; global_colors_info=&#8221;{%22gcid-d2949f04-66b7-4307-9dc8-e72d9ac8e815%22:%91%22button_bg_color%22%93}&#8221;][\/et_pb_button][\/et_pb_column][\/et_pb_row][et_pb_row column_structure=&#8221;1_2,1_2&#8243; _builder_version=&#8221;4.25.1&#8243; _module_preset=&#8221;default&#8221; global_colors_info=&#8221;{}&#8221;][et_pb_column type=&#8221;1_2&#8243; _builder_version=&#8221;4.25.1&#8243; _module_preset=&#8221;default&#8221; global_colors_info=&#8221;{}&#8221;][et_pb_text _builder_version=&#8221;4.25.1&#8243; _module_preset=&#8221;default&#8221; text_font_size=&#8221;16px&#8221; global_colors_info=&#8221;{}&#8221;]Jsme parta student\u016f a pedagog\u016f, kte\u0159\u00ed cht\u011bj\u00ed, aby \u0161kola byla inspirativn\u00edm prost\u0159ed\u00edm, kam chod\u00edme r\u00e1di a kde se m\u016f\u017eeme navz\u00e1jem inspirovat a podporovat v rozvoji.<\/p>\n<p>Nen\u00ed n\u00e1m ciz\u00ed rostouc\u00ed mno\u017estv\u00ed psychick\u00fdch a ment\u00e1ln\u00edch onemocn\u011bn\u00ed, kter\u00e9 zasahuje mladou generaci. Sami jsme si jimi pro\u0161li.<\/p>\n<p>V\u011b\u0159\u00edme, \u017ee d\u00edky vz\u00e1jemn\u00e9 inpiraci, prostoru pro osobn\u00ed seberealizaci, d\u016fv\u011b\u0159e a otev\u0159enosti m\u016f\u017eeme naj\u00edt ve \u0161kole to, co n\u00e1m pom\u00e1h\u00e1 st\u00e1t se sebejist\u00fdmi a schopn\u00fdmi osobnostmi, kte\u0159\u00ed dok\u00e1\u017e\u00ed m\u011bnit sv\u011bt kolem n\u00e1s.<br \/>\n[\/et_pb_text][\/et_pb_column][et_pb_column type=&#8221;1_2&#8243; _builder_version=&#8221;4.25.1&#8243; _module_preset=&#8221;default&#8221; global_colors_info=&#8221;{}&#8221;][et_pb_image src=&#8221;https:\/\/www.wellbeingdoskol.cz\/wp-content\/uploads\/2024\/07\/DEN-WB-SSPS_20240620_01.png&#8221; title_text=&#8221;DEN-WB-SSPS_20240620_01&#8243; _builder_version=&#8221;4.25.1&#8243; _module_preset=&#8221;default&#8221; box_shadow_style=&#8221;preset1&#8243; global_colors_info=&#8221;{}&#8221;][\/et_pb_image][\/et_pb_column][\/et_pb_row][\/et_pb_section][et_pb_section fb_built=&#8221;1&#8243; prev_background_color=&#8221;#ffffff&#8221; _builder_version=&#8221;4.25.1&#8243; _module_preset=&#8221;default&#8221; background_color=&#8221;gcid-d636c501-e6a4-4cb1-96af-d4ffa5cb79d2&#8243; top_divider_style=&#8221;wave&#8221; global_colors_info=&#8221;{%22gcid-d636c501-e6a4-4cb1-96af-d4ffa5cb79d2%22:%91%22background_color%22%93}&#8221;][et_pb_row _builder_version=&#8221;4.25.1&#8243; _module_preset=&#8221;default&#8221; global_colors_info=&#8221;{}&#8221;][et_pb_column type=&#8221;4_4&#8243; _builder_version=&#8221;4.25.1&#8243; _module_preset=&#8221;default&#8221; global_colors_info=&#8221;{}&#8221;][et_pb_button button_text=&#8221;PARTNE\u0158I&#8221; button_alignment=&#8221;left&#8221; _builder_version=&#8221;4.25.1&#8243; _module_preset=&#8221;default&#8221; custom_button=&#8221;on&#8221; button_text_color=&#8221;#FFFFFF&#8221; button_bg_color=&#8221;gcid-d2949f04-66b7-4307-9dc8-e72d9ac8e815&#8243; button_border_width=&#8221;0px&#8221; custom_padding=&#8221;|90px||90px|false|false&#8221; box_shadow_style=&#8221;preset3&#8243; global_colors_info=&#8221;{%22gcid-d2949f04-66b7-4307-9dc8-e72d9ac8e815%22:%91%22button_bg_color%22%93}&#8221;][\/et_pb_button][\/et_pb_column][\/et_pb_row][et_pb_row column_structure=&#8221;1_2,1_6,1_6,1_6&#8243; _builder_version=&#8221;4.25.1&#8243; _module_preset=&#8221;default&#8221; global_colors_info=&#8221;{}&#8221;][et_pb_column type=&#8221;1_2&#8243; _builder_version=&#8221;4.25.1&#8243; _module_preset=&#8221;default&#8221; global_colors_info=&#8221;{}&#8221;][et_pb_image src=&#8221;https:\/\/www.wellbeingdoskol.cz\/wp-content\/uploads\/2024\/06\/logo-ssps2.png&#8221; title_text=&#8221;logo-ssps2&#8243; _builder_version=&#8221;4.25.1&#8243; _module_preset=&#8221;default&#8221; global_colors_info=&#8221;{}&#8221;][\/et_pb_image][\/et_pb_column][et_pb_column type=&#8221;1_6&#8243; _builder_version=&#8221;4.25.1&#8243; _module_preset=&#8221;default&#8221; custom_padding=&#8221;55px||||false|false&#8221; global_colors_info=&#8221;{}&#8221;][et_pb_image src=&#8221;https:\/\/www.wellbeingdoskol.cz\/wp-content\/uploads\/2024\/06\/elinai.png&#8221; title_text=&#8221;elinai&#8221; _builder_version=&#8221;4.25.1&#8243; _module_preset=&#8221;default&#8221; global_colors_info=&#8221;{}&#8221;][\/et_pb_image][\/et_pb_column][et_pb_column type=&#8221;1_6&#8243; _builder_version=&#8221;4.25.1&#8243; _module_preset=&#8221;default&#8221; custom_padding=&#8221;55px||||false|false&#8221; global_colors_info=&#8221;{}&#8221;][et_pb_image src=&#8221;https:\/\/www.wellbeingdoskol.cz\/wp-content\/uploads\/2024\/06\/flaminia.png&#8221; title_text=&#8221;flaminia&#8221; _builder_version=&#8221;4.25.1&#8243; _module_preset=&#8221;default&#8221; global_colors_info=&#8221;{}&#8221;][\/et_pb_image][\/et_pb_column][et_pb_column type=&#8221;1_6&#8243; _builder_version=&#8221;4.25.1&#8243; _module_preset=&#8221;default&#8221; custom_padding=&#8221;55px||||false|false&#8221; global_colors_info=&#8221;{}&#8221;][et_pb_image src=&#8221;https:\/\/www.wellbeingdoskol.cz\/wp-content\/uploads\/2024\/06\/logo-twisten2.png&#8221; title_text=&#8221;logo-twisten2&#8243; _builder_version=&#8221;4.25.1&#8243; _module_preset=&#8221;default&#8221; global_colors_info=&#8221;{}&#8221;][\/et_pb_image][\/et_pb_column][\/et_pb_row][\/et_pb_section]<\/p>\n","protected":false},"excerpt":{"rendered":"<p>Aby \u0161kola byla to bezpe\u010dn\u00e9 m\u00edsto, kter\u00e9 ti d\u00e1v\u00e1 prostor pro seberealizaci a r\u016fst Pocit \u0161t\u011bst\u00ed a \u017eivotn\u00ed spokojenost (wellbeing) je um\u011bn\u00ed, kter\u00e9 se m\u016f\u017eeme nau\u010dit. Poj\u010fme jej objevit a \u017e\u00edt ji\u017e ve \u0161kol\u00e1ch. Na\u0161\u00edm c\u00edlem je wellbeing, tedy \u017eivotn\u00ed spokojenost rozv\u00edjet ji\u017e na \u0161kol\u00e1ch, abychom rozum\u011bli na\u0161\u00ed psychice, na\u0161emu t\u011blu a mohli tak v\u011bdom\u011b [&hellip;]<\/p>\n","protected":false},"author":1,"featured_media":0,"parent":0,"menu_order":0,"comment_status":"closed","ping_status":"closed","template":"","meta":{"_et_pb_use_builder":"on","_et_pb_old_content":"","_et_gb_content_width":"","footnotes":""},"class_list":["post-790148","page","type-page","status-publish","hentry"],"_links":{"self":[{"href":"https:\/\/www.wellbeingdoskol.cz\/index.php\/wp-json\/wp\/v2\/pages\/790148","targetHints":{"allow":["GET"]}}],"collection":[{"href":"https:\/\/www.wellbeingdoskol.cz\/index.php\/wp-json\/wp\/v2\/pages"}],"about":[{"href":"https:\/\/www.wellbeingdoskol.cz\/index.php\/wp-json\/wp\/v2\/types\/page"}],"author":[{"embeddable":true,"href":"https:\/\/www.wellbeingdoskol.cz\/index.php\/wp-json\/wp\/v2\/users\/1"}],"replies":[{"embeddable":true,"href":"https:\/\/www.wellbeingdoskol.cz\/index.php\/wp-json\/wp\/v2\/comments?post=790148"}],"version-history":[{"count":14,"href":"https:\/\/www.wellbeingdoskol.cz\/index.php\/wp-json\/wp\/v2\/pages\/790148\/revisions"}],"predecessor-version":[{"id":790211,"href":"https:\/\/www.wellbeingdoskol.cz\/index.php\/wp-json\/wp\/v2\/pages\/790148\/revisions\/790211"}],"wp:attachment":[{"href":"https:\/\/www.wellbeingdoskol.cz\/index.php\/wp-json\/wp\/v2\/media?parent=790148"}],"curies":[{"name":"wp","href":"https:\/\/api.w.org\/{rel}","templated":true}]}}